{"id":1585,"date":"2021-11-05T15:14:55","date_gmt":"2021-11-05T15:14:55","guid":{"rendered":"http:\/\/xb.gfhf.eu\/projects\/xb-lab\/ko-kreation-werkstatt\/"},"modified":"2023-09-25T08:16:39","modified_gmt":"2023-09-25T08:16:39","slug":"ko-kreation-werkstatt","status":"publish","type":"page","link":"https:\/\/gfhf.eu\/en\/projects\/xb-lab\/ko-kreation-werkstatt\/","title":{"rendered":"KO-KREATION WERKSTATT"},"content":{"rendered":"\n<div class=\"wp-block-group feature is-horizontal is-content-justification-left is-nowrap is-layout-flex wp-container-core-group-is-layout-8b8eb4b8 wp-block-group-is-layout-flex\">\n<p class=\"feature__left\"><strong>Kooperationspartner<\/strong><br>aquarium und Citizens Lab e.V.<br><\/p>\n\n\n\n<p class=\"feature__right\">Ort des Austauschs und der Kreativit\u00e4t, um neue Ideen f\u00fcr die Nachbarschaft rund um den Kotti zu entwickeln.<\/p>\n<\/div>\n\n\n\n<p>Die <strong>KO-KREATION WERKSTATT<\/strong> brachte im aquarium<em> <\/em>Bewohner*innen Kreuzbergs, K\u00fcnstler*innen und Kreative zusammen. Unser Ziel war es, partizipative und kreative Formate f\u00fcr die Nachbarschaft rund um den Kotti in Kreuzberg zu entwickeln. Die zentrale Frage, wie Kunst und Kultur das Miteinander und die Gemeinschaft in belebten Stadtteilen wie dem Kreuzberger Zentrum st\u00e4rken k\u00f6nnen, stand im Fokus. Unterst\u00fctzt von Carolin Goethel und Alice Priori von Citizens Lab e.V. trafen Menschen unterschiedlicher Hintergr\u00fcnde aufeinander, um gemeinsam Ideen zu entwerfen.<\/p>\n\n\n\n<figure class=\"wp-block-gallery has-nested-images columns-default slider\">\n<figure class=\"wp-block-image size-large\"><img loading=\"lazy\" decoding=\"async\" width=\"1200\" height=\"900\" data-id=\"3335\" src=\"https:\/\/gfhf.eu\/wp-content\/uploads\/xb-lab_kokreation-5-1200x900.jpg\" alt=\"\" class=\"wp-image-3335\" srcset=\"https:\/\/gfhf.eu\/wp-content\/uploads\/xb-lab_kokreation-5-1200x900.jpg 1200w, https:\/\/gfhf.eu\/wp-content\/uploads\/xb-lab_kokreation-5-600x450.jpg 600w, https:\/\/gfhf.eu\/wp-content\/uploads\/xb-lab_kokreation-5-150x113.jpg 150w, https:\/\/gfhf.eu\/wp-content\/uploads\/xb-lab_kokreation-5-768x576.jpg 768w, https:\/\/gfhf.eu\/wp-content\/uploads\/xb-lab_kokreation-5-1536x1152.jpg 1536w, https:\/\/gfhf.eu\/wp-content\/uploads\/xb-lab_kokreation-5.jpg 1600w\" sizes=\"auto, (max-width: 1200px) 100vw, 1200px\" \/><\/figure>\n\n\n\n<figure class=\"wp-block-image size-large\"><img loading=\"lazy\" decoding=\"async\" width=\"1200\" height=\"900\" data-id=\"3337\" src=\"https:\/\/gfhf.eu\/wp-content\/uploads\/xb-lab_kokreation-2-1200x900.jpg\" alt=\"\" class=\"wp-image-3337\" srcset=\"https:\/\/gfhf.eu\/wp-content\/uploads\/xb-lab_kokreation-2-1200x900.jpg 1200w, https:\/\/gfhf.eu\/wp-content\/uploads\/xb-lab_kokreation-2-600x450.jpg 600w, https:\/\/gfhf.eu\/wp-content\/uploads\/xb-lab_kokreation-2-150x113.jpg 150w, https:\/\/gfhf.eu\/wp-content\/uploads\/xb-lab_kokreation-2-768x576.jpg 768w, https:\/\/gfhf.eu\/wp-content\/uploads\/xb-lab_kokreation-2-1536x1152.jpg 1536w, https:\/\/gfhf.eu\/wp-content\/uploads\/xb-lab_kokreation-2.jpg 1600w\" sizes=\"auto, (max-width: 1200px) 100vw, 1200px\" \/><\/figure>\n\n\n\n<figure class=\"wp-block-image size-large\"><img loading=\"lazy\" decoding=\"async\" width=\"1200\" height=\"900\" data-id=\"3342\" src=\"https:\/\/gfhf.eu\/wp-content\/uploads\/xb-lab_kokreation-4-1200x900.jpg\" alt=\"\" class=\"wp-image-3342\" srcset=\"https:\/\/gfhf.eu\/wp-content\/uploads\/xb-lab_kokreation-4-1200x900.jpg 1200w, https:\/\/gfhf.eu\/wp-content\/uploads\/xb-lab_kokreation-4-600x450.jpg 600w, https:\/\/gfhf.eu\/wp-content\/uploads\/xb-lab_kokreation-4-150x113.jpg 150w, https:\/\/gfhf.eu\/wp-content\/uploads\/xb-lab_kokreation-4-768x576.jpg 768w, https:\/\/gfhf.eu\/wp-content\/uploads\/xb-lab_kokreation-4-1536x1152.jpg 1536w, https:\/\/gfhf.eu\/wp-content\/uploads\/xb-lab_kokreation-4.jpg 1600w\" sizes=\"auto, (max-width: 1200px) 100vw, 1200px\" \/><\/figure>\n\n\n\n<figure class=\"wp-block-image size-large\"><img loading=\"lazy\" decoding=\"async\" width=\"1200\" height=\"900\" data-id=\"3333\" src=\"https:\/\/gfhf.eu\/wp-content\/uploads\/xb-lab_kokreation-3-1200x900.jpg\" alt=\"\" class=\"wp-image-3333\" srcset=\"https:\/\/gfhf.eu\/wp-content\/uploads\/xb-lab_kokreation-3-1200x900.jpg 1200w, https:\/\/gfhf.eu\/wp-content\/uploads\/xb-lab_kokreation-3-600x450.jpg 600w, https:\/\/gfhf.eu\/wp-content\/uploads\/xb-lab_kokreation-3-150x113.jpg 150w, https:\/\/gfhf.eu\/wp-content\/uploads\/xb-lab_kokreation-3-768x576.jpg 768w, https:\/\/gfhf.eu\/wp-content\/uploads\/xb-lab_kokreation-3-1536x1152.jpg 1536w, https:\/\/gfhf.eu\/wp-content\/uploads\/xb-lab_kokreation-3.jpg 1600w\" sizes=\"auto, (max-width: 1200px) 100vw, 1200px\" \/><\/figure>\n\n\n\n<figure class=\"wp-block-image size-large\"><img loading=\"lazy\" decoding=\"async\" width=\"1200\" height=\"900\" data-id=\"3338\" src=\"https:\/\/gfhf.eu\/wp-content\/uploads\/xb-lab_kokreation-1-1200x900.jpg\" alt=\"\" class=\"wp-image-3338\" srcset=\"https:\/\/gfhf.eu\/wp-content\/uploads\/xb-lab_kokreation-1-1200x900.jpg 1200w, https:\/\/gfhf.eu\/wp-content\/uploads\/xb-lab_kokreation-1-600x450.jpg 600w, https:\/\/gfhf.eu\/wp-content\/uploads\/xb-lab_kokreation-1-150x113.jpg 150w, https:\/\/gfhf.eu\/wp-content\/uploads\/xb-lab_kokreation-1-768x576.jpg 768w, https:\/\/gfhf.eu\/wp-content\/uploads\/xb-lab_kokreation-1-1536x1152.jpg 1536w, https:\/\/gfhf.eu\/wp-content\/uploads\/xb-lab_kokreation-1.jpg 1600w\" sizes=\"auto, (max-width: 1200px) 100vw, 1200px\" \/><\/figure>\n<\/figure>\n\n\n\n<p>Es ging darum, kreative Wege zu finden, um das Gemeinschaftsgef\u00fchl zu st\u00e4rken und die Teilhabe an Kunst und Kultur zu f\u00f6rdern. Diskussionen drehten sich um Erwartungen an Kunst und Kultur im Kiez, fehlende Angebote und beliebte Aktivit\u00e4ten. Die <strong>KO-KREATION WERKSTATT<\/strong> bot Raum f\u00fcr Austausch, neue Perspektiven und Ideenentwicklung. Aus den Diskussionen entstanden innovative Ans\u00e4tze, die das kulturelle Leben in Kreuzberg bereichern k\u00f6nnten.<\/p>\n\n\n\n<p>Die Teilnehmenden hatten die M\u00f6glichkeit, \u00fcber den Workshop hinaus Ideen weiterzuentwickeln und diese auch umzusetzen.&nbsp;<\/p>\n\n\n\n<div class=\"wp-block-group credits is-vertical is-layout-flex wp-container-core-group-is-layout-8cf370e7 wp-block-group-is-layout-flex\">\n<hr class=\"wp-block-separator has-alpha-channel-opacity is-style-default wp-container-content-9cfa9a5a\"\/>\n\n\n\n<div style=\"height:0px\" aria-hidden=\"true\" class=\"wp-block-spacer wp-container-content-62aae154\"><\/div>\n\n\n\n<p><strong>Kooperationspartner<\/strong>: <a href=\"https:\/\/www.suedblock.org\/wp\/aquarium\/?doing_wp_cron=1694088959.5761818885803222656250\" target=\"_blank\" rel=\"noreferrer noopener\">aquarium<\/a> und <a href=\"https:\/\/citizenslab.eu\/\" target=\"_blank\" rel=\"noreferrer noopener\">Citizens Lab e.V.<\/a><br><strong>Projektleitung<\/strong>: Nicole Wozniak und Melanie Akerboom<br><strong>Mitwirkende<\/strong>: Carolin Goethel, Alice Priori<br><strong>Credits<\/strong>: Fotos\u00a0\u00a9 Melanie Ackerboom<br><\/p>\n<\/div>\n","protected":false},"excerpt":{"rendered":"<p>Kooperationspartneraquarium und Citizens Lab e.V. Ort des Austauschs und der Kreativit\u00e4t, um neue Ideen f\u00fcr die Nachbarschaft rund um den Kotti zu entwickeln. Die KO-KREATION WERKSTATT brachte im aquarium Bewohner*innen Kreuzbergs, K\u00fcnstler*innen und Kreative zusammen. Unser Ziel war es, partizipative und kreative Formate f\u00fcr die Nachbarschaft rund um den Kotti in Kreuzberg zu entwickeln. Die [&hellip;]<\/p>\n","protected":false},"author":3,"featured_media":3340,"parent":128,"menu_order":47,"comment_status":"closed","ping_status":"closed","template":"xblab.php","meta":{"_acf_changed":false,"footnotes":""},"class_list":["post-1585","page","type-page","status-publish","has-post-thumbnail","hentry"],"acf":[],"yoast_head":"<!-- This site is optimized with the Yoast SEO plugin v25.1 - https:\/\/yoast.com\/wordpress\/plugins\/seo\/ -->\n<title>KO-KREATION WERKSTATT - GfHF - Gesellschaft f\u00fcr Humanistische Fotografie<\/title>\n<meta name=\"robots\" content=\"index, follow, max-snippet:-1, max-image-preview:large, max-video-preview:-1\" \/>\n<link rel=\"canonical\" href=\"https:\/\/gfhf.eu\/en\/projects\/xb-lab\/ko-kreation-werkstatt\/\" \/>\n<meta property=\"og:locale\" content=\"en_US\" \/>\n<meta property=\"og:type\" content=\"article\" \/>\n<meta property=\"og:title\" content=\"KO-KREATION WERKSTATT - GfHF - Gesellschaft f\u00fcr Humanistische Fotografie\" \/>\n<meta property=\"og:description\" content=\"Kooperationspartneraquarium und Citizens Lab e.V. Ort des Austauschs und der Kreativit\u00e4t, um neue Ideen f\u00fcr die Nachbarschaft rund um den Kotti zu entwickeln. Die KO-KREATION WERKSTATT brachte im aquarium Bewohner*innen Kreuzbergs, K\u00fcnstler*innen und Kreative zusammen. Unser Ziel war es, partizipative und kreative Formate f\u00fcr die Nachbarschaft rund um den Kotti in Kreuzberg zu entwickeln. Die [&hellip;]\" \/>\n<meta property=\"og:url\" content=\"https:\/\/gfhf.eu\/en\/projects\/xb-lab\/ko-kreation-werkstatt\/\" \/>\n<meta property=\"og:site_name\" content=\"GfHF - Gesellschaft f\u00fcr Humanistische Fotografie\" \/>\n<meta property=\"article:modified_time\" content=\"2023-09-25T08:16:39+00:00\" \/>\n<meta property=\"og:image\" content=\"https:\/\/gfhf.eu\/wp-content\/uploads\/xb-lab_kokreation-1.jpg\" \/>\n\t<meta property=\"og:image:width\" content=\"1600\" \/>\n\t<meta property=\"og:image:height\" content=\"1200\" \/>\n\t<meta property=\"og:image:type\" content=\"image\/jpeg\" \/>\n<meta name=\"twitter:card\" content=\"summary_large_image\" \/>\n<meta name=\"twitter:label1\" content=\"Est. reading time\" \/>\n\t<meta name=\"twitter:data1\" content=\"3 minutes\" \/>\n<script type=\"application\/ld+json\" class=\"yoast-schema-graph\">{\"@context\":\"https:\/\/schema.org\",\"@graph\":[{\"@type\":\"WebPage\",\"@id\":\"https:\/\/gfhf.eu\/en\/projects\/xb-lab\/ko-kreation-werkstatt\/\",\"url\":\"https:\/\/gfhf.eu\/en\/projects\/xb-lab\/ko-kreation-werkstatt\/\",\"name\":\"KO-KREATION WERKSTATT - GfHF - Gesellschaft f\u00fcr Humanistische Fotografie\",\"isPartOf\":{\"@id\":\"https:\/\/gfhf.eu\/en\/#website\"},\"primaryImageOfPage\":{\"@id\":\"https:\/\/gfhf.eu\/en\/projects\/xb-lab\/ko-kreation-werkstatt\/#primaryimage\"},\"image\":{\"@id\":\"https:\/\/gfhf.eu\/en\/projects\/xb-lab\/ko-kreation-werkstatt\/#primaryimage\"},\"thumbnailUrl\":\"https:\/\/gfhf.eu\/wp-content\/uploads\/xb-lab_kokreation-1.jpg\",\"datePublished\":\"2021-11-05T15:14:55+00:00\",\"dateModified\":\"2023-09-25T08:16:39+00:00\",\"breadcrumb\":{\"@id\":\"https:\/\/gfhf.eu\/en\/projects\/xb-lab\/ko-kreation-werkstatt\/#breadcrumb\"},\"inLanguage\":\"en-US\",\"potentialAction\":[{\"@type\":\"ReadAction\",\"target\":[\"https:\/\/gfhf.eu\/en\/projects\/xb-lab\/ko-kreation-werkstatt\/\"]}]},{\"@type\":\"ImageObject\",\"inLanguage\":\"en-US\",\"@id\":\"https:\/\/gfhf.eu\/en\/projects\/xb-lab\/ko-kreation-werkstatt\/#primaryimage\",\"url\":\"https:\/\/gfhf.eu\/wp-content\/uploads\/xb-lab_kokreation-1.jpg\",\"contentUrl\":\"https:\/\/gfhf.eu\/wp-content\/uploads\/xb-lab_kokreation-1.jpg\",\"width\":1600,\"height\":1200},{\"@type\":\"BreadcrumbList\",\"@id\":\"https:\/\/gfhf.eu\/en\/projects\/xb-lab\/ko-kreation-werkstatt\/#breadcrumb\",\"itemListElement\":[{\"@type\":\"ListItem\",\"position\":1,\"name\":\"Startseite\",\"item\":\"https:\/\/gfhf.eu\/en\/\"},{\"@type\":\"ListItem\",\"position\":2,\"name\":\"Our Projects\",\"item\":\"https:\/\/gfhf.eu\/en\/projects\/\"},{\"@type\":\"ListItem\",\"position\":3,\"name\":\"XB-Lab\",\"item\":\"https:\/\/gfhf.eu\/en\/projects\/xb-lab\/\"},{\"@type\":\"ListItem\",\"position\":4,\"name\":\"KO-KREATION WERKSTATT\"}]},{\"@type\":\"WebSite\",\"@id\":\"https:\/\/gfhf.eu\/en\/#website\",\"url\":\"https:\/\/gfhf.eu\/en\/\",\"name\":\"GfHF - Gesellschaft f\u00fcr Humanistische Fotografie\",\"description\":\"\",\"publisher\":{\"@id\":\"https:\/\/gfhf.eu\/en\/#organization\"},\"potentialAction\":[{\"@type\":\"SearchAction\",\"target\":{\"@type\":\"EntryPoint\",\"urlTemplate\":\"https:\/\/gfhf.eu\/en\/?s={search_term_string}\"},\"query-input\":{\"@type\":\"PropertyValueSpecification\",\"valueRequired\":true,\"valueName\":\"search_term_string\"}}],\"inLanguage\":\"en-US\"},{\"@type\":\"Organization\",\"@id\":\"https:\/\/gfhf.eu\/en\/#organization\",\"name\":\"GfHF - Gesellschaft f\u00fcr Humanistische Fotografie\",\"url\":\"https:\/\/gfhf.eu\/en\/\",\"logo\":{\"@type\":\"ImageObject\",\"inLanguage\":\"en-US\",\"@id\":\"https:\/\/gfhf.eu\/en\/#\/schema\/logo\/image\/\",\"url\":\"https:\/\/gfhf.eu\/wp-content\/uploads\/logo-gfhf@2x.png\",\"contentUrl\":\"https:\/\/gfhf.eu\/wp-content\/uploads\/logo-gfhf@2x.png\",\"width\":604,\"height\":228,\"caption\":\"GfHF - Gesellschaft f\u00fcr Humanistische Fotografie\"},\"image\":{\"@id\":\"https:\/\/gfhf.eu\/en\/#\/schema\/logo\/image\/\"}}]}<\/script>\n<!-- \/ Yoast SEO plugin. -->","yoast_head_json":{"title":"KO-KREATION WERKSTATT - GfHF - Gesellschaft f\u00fcr Humanistische Fotografie","robots":{"index":"index","follow":"follow","max-snippet":"max-snippet:-1","max-image-preview":"max-image-preview:large","max-video-preview":"max-video-preview:-1"},"canonical":"https:\/\/gfhf.eu\/en\/projects\/xb-lab\/ko-kreation-werkstatt\/","og_locale":"en_US","og_type":"article","og_title":"KO-KREATION WERKSTATT - GfHF - Gesellschaft f\u00fcr Humanistische Fotografie","og_description":"Kooperationspartneraquarium und Citizens Lab e.V. Ort des Austauschs und der Kreativit\u00e4t, um neue Ideen f\u00fcr die Nachbarschaft rund um den Kotti zu entwickeln. Die KO-KREATION WERKSTATT brachte im aquarium Bewohner*innen Kreuzbergs, K\u00fcnstler*innen und Kreative zusammen. Unser Ziel war es, partizipative und kreative Formate f\u00fcr die Nachbarschaft rund um den Kotti in Kreuzberg zu entwickeln. Die [&hellip;]","og_url":"https:\/\/gfhf.eu\/en\/projects\/xb-lab\/ko-kreation-werkstatt\/","og_site_name":"GfHF - Gesellschaft f\u00fcr Humanistische Fotografie","article_modified_time":"2023-09-25T08:16:39+00:00","og_image":[{"width":1600,"height":1200,"url":"https:\/\/gfhf.eu\/wp-content\/uploads\/xb-lab_kokreation-1.jpg","type":"image\/jpeg"}],"twitter_card":"summary_large_image","twitter_misc":{"Est. reading time":"3 minutes"},"schema":{"@context":"https:\/\/schema.org","@graph":[{"@type":"WebPage","@id":"https:\/\/gfhf.eu\/en\/projects\/xb-lab\/ko-kreation-werkstatt\/","url":"https:\/\/gfhf.eu\/en\/projects\/xb-lab\/ko-kreation-werkstatt\/","name":"KO-KREATION WERKSTATT - GfHF - Gesellschaft f\u00fcr Humanistische Fotografie","isPartOf":{"@id":"https:\/\/gfhf.eu\/en\/#website"},"primaryImageOfPage":{"@id":"https:\/\/gfhf.eu\/en\/projects\/xb-lab\/ko-kreation-werkstatt\/#primaryimage"},"image":{"@id":"https:\/\/gfhf.eu\/en\/projects\/xb-lab\/ko-kreation-werkstatt\/#primaryimage"},"thumbnailUrl":"https:\/\/gfhf.eu\/wp-content\/uploads\/xb-lab_kokreation-1.jpg","datePublished":"2021-11-05T15:14:55+00:00","dateModified":"2023-09-25T08:16:39+00:00","breadcrumb":{"@id":"https:\/\/gfhf.eu\/en\/projects\/xb-lab\/ko-kreation-werkstatt\/#breadcrumb"},"inLanguage":"en-US","potentialAction":[{"@type":"ReadAction","target":["https:\/\/gfhf.eu\/en\/projects\/xb-lab\/ko-kreation-werkstatt\/"]}]},{"@type":"ImageObject","inLanguage":"en-US","@id":"https:\/\/gfhf.eu\/en\/projects\/xb-lab\/ko-kreation-werkstatt\/#primaryimage","url":"https:\/\/gfhf.eu\/wp-content\/uploads\/xb-lab_kokreation-1.jpg","contentUrl":"https:\/\/gfhf.eu\/wp-content\/uploads\/xb-lab_kokreation-1.jpg","width":1600,"height":1200},{"@type":"BreadcrumbList","@id":"https:\/\/gfhf.eu\/en\/projects\/xb-lab\/ko-kreation-werkstatt\/#breadcrumb","itemListElement":[{"@type":"ListItem","position":1,"name":"Startseite","item":"https:\/\/gfhf.eu\/en\/"},{"@type":"ListItem","position":2,"name":"Our Projects","item":"https:\/\/gfhf.eu\/en\/projects\/"},{"@type":"ListItem","position":3,"name":"XB-Lab","item":"https:\/\/gfhf.eu\/en\/projects\/xb-lab\/"},{"@type":"ListItem","position":4,"name":"KO-KREATION WERKSTATT"}]},{"@type":"WebSite","@id":"https:\/\/gfhf.eu\/en\/#website","url":"https:\/\/gfhf.eu\/en\/","name":"GfHF - Gesellschaft f\u00fcr Humanistische Fotografie","description":"","publisher":{"@id":"https:\/\/gfhf.eu\/en\/#organization"},"potentialAction":[{"@type":"SearchAction","target":{"@type":"EntryPoint","urlTemplate":"https:\/\/gfhf.eu\/en\/?s={search_term_string}"},"query-input":{"@type":"PropertyValueSpecification","valueRequired":true,"valueName":"search_term_string"}}],"inLanguage":"en-US"},{"@type":"Organization","@id":"https:\/\/gfhf.eu\/en\/#organization","name":"GfHF - Gesellschaft f\u00fcr Humanistische Fotografie","url":"https:\/\/gfhf.eu\/en\/","logo":{"@type":"ImageObject","inLanguage":"en-US","@id":"https:\/\/gfhf.eu\/en\/#\/schema\/logo\/image\/","url":"https:\/\/gfhf.eu\/wp-content\/uploads\/logo-gfhf@2x.png","contentUrl":"https:\/\/gfhf.eu\/wp-content\/uploads\/logo-gfhf@2x.png","width":604,"height":228,"caption":"GfHF - Gesellschaft f\u00fcr Humanistische Fotografie"},"image":{"@id":"https:\/\/gfhf.eu\/en\/#\/schema\/logo\/image\/"}}]}},"_links":{"self":[{"href":"https:\/\/gfhf.eu\/en\/wp-json\/wp\/v2\/pages\/1585","targetHints":{"allow":["GET"]}}],"collection":[{"href":"https:\/\/gfhf.eu\/en\/wp-json\/wp\/v2\/pages"}],"about":[{"href":"https:\/\/gfhf.eu\/en\/wp-json\/wp\/v2\/types\/page"}],"author":[{"embeddable":true,"href":"https:\/\/gfhf.eu\/en\/wp-json\/wp\/v2\/users\/3"}],"replies":[{"embeddable":true,"href":"https:\/\/gfhf.eu\/en\/wp-json\/wp\/v2\/comments?post=1585"}],"version-history":[{"count":0,"href":"https:\/\/gfhf.eu\/en\/wp-json\/wp\/v2\/pages\/1585\/revisions"}],"up":[{"embeddable":true,"href":"https:\/\/gfhf.eu\/en\/wp-json\/wp\/v2\/pages\/128"}],"wp:featuredmedia":[{"embeddable":true,"href":"https:\/\/gfhf.eu\/en\/wp-json\/wp\/v2\/media\/3340"}],"wp:attachment":[{"href":"https:\/\/gfhf.eu\/en\/wp-json\/wp\/v2\/media?parent=1585"}],"curies":[{"name":"wp","href":"https:\/\/api.w.org\/{rel}","templated":true}]}}